{"id":23131,"date":"2022-02-18T23:00:30","date_gmt":"2022-02-19T04:00:30","guid":{"rendered":"https:\/\/altpard.com\/terminos-y-condiciones\/"},"modified":"2025-10-12T14:32:28","modified_gmt":"2025-10-12T19:32:28","slug":"terminos-y-condiciones","status":"publish","type":"page","link":"https:\/\/altpard.com\/es\/terminos-y-condiciones\/","title":{"rendered":"T\u00e9rminos y condiciones"},"content":{"rendered":"\t\t<div data-elementor-type=\"wp-page\" data-elementor-id=\"23131\" class=\"elementor elementor-23131 elementor-11485\" data-elementor-post-type=\"page\">\n\t\t\t\t\t\t<section class=\"wd-negative-gap elementor-section elementor-top-section elementor-element elementor-element-28d36871 elementor-section-boxed elementor-section-height-default elementor-section-height-default\" data-id=\"28d36871\" data-element_type=\"section\" data-e-type=\"section\">\n\t\t\t\t\t\t<div class=\"elementor-container elementor-column-gap-default\">\n\t\t\t\t\t<div class=\"elementor-column elementor-col-100 elementor-top-column elementor-element elementor-element-5fdd8c82\" data-id=\"5fdd8c82\" data-element_type=\"column\" data-e-type=\"column\">\n\t\t\t<div class=\"elementor-widget-wrap elementor-element-populated\">\n\t\t\t\t\t\t<div class=\"elementor-element elementor-element-5c72ec2 color-scheme-inherit text-left elementor-widget elementor-widget-text-editor\" data-id=\"5c72ec2\" data-element_type=\"widget\" data-e-type=\"widget\" data-widget_type=\"text-editor.default\">\n\t\t\t\t<div class=\"elementor-widget-container\">\n\t\t\t\t\t\t\t\t\t<h2 data-start=\"243\" data-end=\"276\">ALTPARD \u2013 T\u00e9rminos y condiciones<\/h2><h3 data-start=\"278\" data-end=\"289\">General<\/h3><p data-start=\"290\" data-end=\"683\">Los siguientes T\u00e9rminos rigen la venta de mercanc\u00eda en altpard.com (el \u00abSitio Web\u00bb) y constituyen un acuerdo vinculante entre usted y ALTPARD, una empresa colombiana. Lea atentamente estos T\u00e9rminos, junto con nuestra Pol\u00edtica de Privacidad y los T\u00e9rminos de Uso del Sitio Web. Estos T\u00e9rminos pueden ser actualizados peri\u00f3dicamente; es su responsabilidad revisarlos, ya que la versi\u00f3n vigente en el momento de su pedido ser\u00e1 la aplicable.  <\/p><p data-start=\"685\" data-end=\"722\">Contacto: <strong data-start=\"685\" data-end=\"697\">\n  <a class=\"decorated-link cursor-pointer\" rel=\"noopener\" data-start=\"698\" data-end=\"722\">info@altpard.com<\/a>\n<\/strong><\/p><h3 data-start=\"729\" data-end=\"744\">Eligibility<\/h3><p data-start=\"745\" data-end=\"1053\">Las compras en el Sitio Web est\u00e1n limitadas a las partes legalmente capacitadas para celebrar contratos en l\u00ednea. Al realizar un pedido, usted declara que toda la informaci\u00f3n personal y de pago proporcionada es precisa y que usted es el titular autorizado de la cuenta. Los datos personales son tratados de conformidad con nuestra Pol\u00edtica de Privacidad.  <\/p><h3 data-start=\"1060\" data-end=\"1084\">Disponibilidad del Producto<\/h3><p data-start=\"1085\" data-end=\"1281\">Los productos se ofrecen para compra y entrega a nivel mundial. Todos los pedidos est\u00e1n sujetos a la disponibilidad de existencias. ALTPARD le notificar\u00e1 por correo electr\u00f3nico si un producto no est\u00e1 disponible y le reembolsar\u00e1 las cantidades pagadas.  <\/p><h3 data-start=\"1288\" data-end=\"1311\">Pedidos y Aceptaci\u00f3n<\/h3><p data-start=\"1312\" data-end=\"1622\">Los pedidos se realizan a trav\u00e9s del proceso de compra en l\u00ednea del Sitio Web. Al enviarlo, recibir\u00e1 un correo electr\u00f3nico de confirmaci\u00f3n del pedido; esto no constituye una aceptaci\u00f3n. La aceptaci\u00f3n se produce cuando el pedido es enviado, momento en el cual recibir\u00e1 una confirmaci\u00f3n de env\u00edo. Al realizar un pedido, usted acepta quedar obligado por estos T\u00e9rminos.   <\/p><h3 data-start=\"1629\" data-end=\"1641\">Env\u00edo<\/h3><p data-start=\"1642\" data-end=\"1707\">ALTPARD realiza env\u00edos a nivel mundial. Todos los pedidos pueden ser rastreados en cualquier momento. <\/p><ul data-start=\"1709\" data-end=\"2692\"><li data-start=\"1709\" data-end=\"1790\"><p data-start=\"1711\" data-end=\"1790\"><strong data-start=\"1711\" data-end=\"1730\">Costos de Env\u00edo:<\/strong> Se calculan al finalizar la compra. La entrega dentro de Colombia es gratuita. <\/p><\/li><li data-start=\"1791\" data-end=\"1911\"><p data-start=\"1793\" data-end=\"1911\"><strong data-start=\"1793\" data-end=\"1805\">Direcci\u00f3n:<\/strong> Los pedidos se entregan en la direcci\u00f3n proporcionada al finalizar la compra; no se permiten m\u00faltiples direcciones por pedido.<\/p><\/li><li data-start=\"1912\" data-end=\"2110\"><p data-start=\"1914\" data-end=\"2110\">Ubicaciones Restringidas: Es posible que algunas \u00e1reas remotas o restringidas no sean elegibles para la entrega. ALTPARD se reserva el derecho de rechazar la entrega a regiones prohibidas por ley. No se aceptan apartados postales (PO Boxes).  <\/p><\/li><li data-start=\"2111\" data-end=\"2402\"><p data-start=\"2113\" data-end=\"2402\">Aduanas e Impuestos: Los env\u00edos internacionales pueden ser inspeccionados y pueden incurrir en aranceles e impuestos de importaci\u00f3n, los cuales son responsabilidad del cliente. Los reembolsos por derechos de importaci\u00f3n solo aplicar\u00e1n si estos fueron incluidos originalmente en el precio de compra; de lo contrario, el cliente deber\u00e1 reclamarlos ante la aduana local. <\/p><\/li><li data-start=\"2403\" data-end=\"2692\"><p data-start=\"2405\" data-end=\"2692\"><strong data-start=\"2405\" data-end=\"2435\">Servicios de Mensajer\u00eda Opcionales<\/strong>: Pueden estar disponibles opciones como la liberaci\u00f3n de firma, la entrega a vecinos, recepci\u00f3n o seguridad, la reprogramaci\u00f3n de la entrega o la recogida en un punto de colecci\u00f3n. Al elegir estos servicios, usted reconoce que ALTPARD no asume ninguna responsabilidad por p\u00e9rdidas o da\u00f1os resultantes de su selecci\u00f3n. <\/p><\/li><\/ul><p data-start=\"2694\" data-end=\"2715\"><strong data-start=\"2694\" data-end=\"2713\">Tiempos de Entrega<\/strong><\/p><ul data-start=\"2716\" data-end=\"2867\"><li data-start=\"2716\" data-end=\"2766\"><p data-start=\"2718\" data-end=\"2766\">Colombia (Coordinadora): 2 a 7 d\u00edas h\u00e1biles<\/p><\/li><li data-start=\"2767\" data-end=\"2867\"><p data-start=\"2769\" data-end=\"2867\"><strong data-start=\"2769\" data-end=\"2801\">Internacional<\/strong> (DHL Express): 4 a 7 d\u00edas h\u00e1biles<\/p><\/li><\/ul><h3 data-start=\"2874\" data-end=\"2894\">Riesgo y propiedad<\/h3><p data-start=\"2895\" data-end=\"3036\">Los productos est\u00e1n bajo su riesgo a partir del momento de la entrega o recogida. La propiedad se transfiere con la entrega o recogida, siempre que se haya recibido el pago completo. <\/p><h3 data-start=\"3043\" data-end=\"3057\">Pedidos anticipados (Pre-Orden)<\/h3><ul data-start=\"3058\" data-end=\"3407\"><li data-start=\"3058\" data-end=\"3146\"><p data-start=\"3060\" data-end=\"3146\">Los art\u00edculos en preventa tienen una fecha estimada de env\u00edo publicada en l\u00ednea. La entrega puede variar. <\/p><\/li><li data-start=\"3147\" data-end=\"3226\"><p data-start=\"3149\" data-end=\"3226\">Las tarjetas de cr\u00e9dito se cargan en el momento de la preventa, sujetas a controles de fraude.<\/p><\/li><li data-start=\"3227\" data-end=\"3315\"><p data-start=\"3229\" data-end=\"3315\">Los retrasos ser\u00e1n comunicados, y los clientes podr\u00e1n elegir entre un reembolso o una fecha de env\u00edo actualizada.<\/p><\/li><li data-start=\"3316\" data-end=\"3407\"><p data-start=\"3318\" data-end=\"3407\">Los pedidos que contengan art\u00edculos en stock y art\u00edculos en preventa podr\u00e1n ser enviados en remesas separadas.<\/p><\/li><\/ul><h3 data-start=\"3414\" data-end=\"3434\">Procesamiento de Pedidos<\/h3><ul data-start=\"3435\" data-end=\"3515\"><li data-start=\"3435\" data-end=\"3515\"><p data-start=\"3437\" data-end=\"3515\">Art\u00edculos est\u00e1ndar en stock: 1 a 4 d\u00edas h\u00e1biles de procesamiento (excluye preventas).<\/p><\/li><\/ul><h3 data-start=\"3522\" data-end=\"3543\">Precios y Pagos<\/h3><ul data-start=\"3544\" data-end=\"4117\"><li data-start=\"3544\" data-end=\"3626\"><p data-start=\"3546\" data-end=\"3626\">Los precios se cotizan en COP para pedidos nacionales y en USD para pedidos internacionales.<\/p><\/li><li data-start=\"3627\" data-end=\"3714\"><p data-start=\"3629\" data-end=\"3714\">Los precios y los costos de env\u00edo est\u00e1n sujetos a cambios, pero no afectan a los pedidos ya confirmados.<\/p><\/li><li data-start=\"3715\" data-end=\"3842\"><p data-start=\"3717\" data-end=\"3842\">ALTPARD puede corregir errores de precio; si el precio correcto es superior, podemos contactarle antes del env\u00edo o cancelar el pedido.<\/p><\/li><li data-start=\"3843\" data-end=\"3979\"><p data-start=\"3845\" data-end=\"3863\">Opciones de Pago<\/p><ul data-start=\"3866\" data-end=\"3979\"><li data-start=\"3866\" data-end=\"3914\"><p data-start=\"3868\" data-end=\"3914\">Internacional: PayPal y las principales tarjetas de cr\u00e9dito<\/p><\/li><li data-start=\"3917\" data-end=\"3979\"><p data-start=\"3919\" data-end=\"3979\">Nacional (Colombia): Mercado Pago, PSE, tarjetas de cr\u00e9dito\/d\u00e9bito<\/p><\/li><\/ul><\/li><li data-start=\"3980\" data-end=\"4117\"><p data-start=\"3982\" data-end=\"4117\">Los pedidos est\u00e1n sujetos a la autorizaci\u00f3n de la tarjeta y a controles de preautorizaci\u00f3n. ALTPARD no se hace responsable por el rechazo de la tarjeta ni por las comisiones de procesamiento. <\/p><\/li><\/ul><h3 data-start=\"4124\" data-end=\"4150\">Promociones y Descuentos<\/h3><ul data-start=\"4151\" data-end=\"4311\"><li data-start=\"4151\" data-end=\"4265\"><p data-start=\"4153\" data-end=\"4265\">Los c\u00f3digos de descuento son v\u00e1lidos para un solo uso, no son acumulables y deben utilizarse dentro del per\u00edodo de vigencia.<\/p><\/li><li data-start=\"4266\" data-end=\"4311\"><p data-start=\"4268\" data-end=\"4311\">Los c\u00f3digos de descuento no son canjeables por dinero en efectivo.<\/p><\/li><\/ul><h3 data-start=\"4318\" data-end=\"4338\">Cumplimiento Legal<\/h3><p data-start=\"4339\" data-end=\"4522\">Todas las transacciones se rigen por la legislaci\u00f3n colombiana. Los clientes son responsables de cumplir con las leyes aplicables en su regi\u00f3n. ALTPARD no ser\u00e1 responsable por ning\u00fan incumplimiento por parte del cliente.  <\/p>\t\t\t\t\t\t\t\t<\/div>\n\t\t\t\t<\/div>\n\t\t\t\t\t<\/div>\n\t\t<\/div>\n\t\t\t\t\t<\/div>\n\t\t<\/section>\n\t\t\t\t<\/div>\n\t\t","protected":false},"excerpt":{"rendered":"<p>ALTPARD \u2013 T\u00e9rminos y condiciones General Los siguientes T\u00e9rminos rigen la venta de mercanc\u00eda en altpard.com (el \u00abSitio Web\u00bb) y<\/p>\n","protected":false},"author":1,"featured_media":0,"parent":0,"menu_order":0,"comment_status":"closed","ping_status":"closed","template":"","meta":{"footnotes":""},"class_list":["post-23131","page","type-page","status-publish","hentry"],"_links":{"self":[{"href":"https:\/\/altpard.com\/es\/wp-json\/wp\/v2\/pages\/23131","targetHints":{"allow":["GET"]}}],"collection":[{"href":"https:\/\/altpard.com\/es\/wp-json\/wp\/v2\/pages"}],"about":[{"href":"https:\/\/altpard.com\/es\/wp-json\/wp\/v2\/types\/page"}],"author":[{"embeddable":true,"href":"https:\/\/altpard.com\/es\/wp-json\/wp\/v2\/users\/1"}],"replies":[{"embeddable":true,"href":"https:\/\/altpard.com\/es\/wp-json\/wp\/v2\/comments?post=23131"}],"version-history":[{"count":2,"href":"https:\/\/altpard.com\/es\/wp-json\/wp\/v2\/pages\/23131\/revisions"}],"predecessor-version":[{"id":24178,"href":"https:\/\/altpard.com\/es\/wp-json\/wp\/v2\/pages\/23131\/revisions\/24178"}],"wp:attachment":[{"href":"https:\/\/altpard.com\/es\/wp-json\/wp\/v2\/media?parent=23131"}],"curies":[{"name":"wp","href":"https:\/\/api.w.org\/{rel}","templated":true}]}}